{"id":23391,"date":"2024-02-26T11:45:43","date_gmt":"2024-02-26T10:45:43","guid":{"rendered":"https:\/\/watra.org\/evenements-a-venir\/"},"modified":"2024-02-26T11:45:43","modified_gmt":"2024-02-26T10:45:43","slug":"evenements-a-venir","status":"publish","type":"page","link":"https:\/\/watra.org\/fr\/evenements-a-venir\/","title":{"rendered":"\u00e9v\u00e8nements \u00e0 venir"},"content":{"rendered":"<ul>\n<li>\n\t\t\t\t\t\t\t\t\t\tMaison\n\t\t\t\t\t\t\t\t\t<\/li>\n<li>\n\t\t\t\t\t\t\t<svg aria-hidden=\"true\" viewBox=\"0 0 192 512\" xmlns=\"http:\/\/www.w3.org\/2000\/svg\"><path d=\"M0 384.662V127.338c0-17.818 21.543-26.741 34.142-14.142l128.662 128.662c7.81 7.81 7.81 20.474 0 28.284L34.142 398.804C21.543 411.404 0 402.48 0 384.662z\"><\/path><\/svg>\n\t\t\t\t\t\t\t\t\t<\/li>\n<\/ul>\n","protected":false},"excerpt":{"rendered":"<p>Maison<\/p>\n","protected":false},"author":21,"featured_media":0,"parent":0,"menu_order":0,"comment_status":"closed","ping_status":"closed","template":"","meta":{"_acf_changed":false,"inline_featured_image":false,"footnotes":""},"class_list":["post-23391","page","type-page","status-publish","hentry"],"acf":[],"_links":{"self":[{"href":"https:\/\/watra.org\/fr\/wp-json\/wp\/v2\/pages\/23391","targetHints":{"allow":["GET"]}}],"collection":[{"href":"https:\/\/watra.org\/fr\/wp-json\/wp\/v2\/pages"}],"about":[{"href":"https:\/\/watra.org\/fr\/wp-json\/wp\/v2\/types\/page"}],"author":[{"embeddable":true,"href":"https:\/\/watra.org\/fr\/wp-json\/wp\/v2\/users\/21"}],"replies":[{"embeddable":true,"href":"https:\/\/watra.org\/fr\/wp-json\/wp\/v2\/comments?post=23391"}],"version-history":[{"count":2,"href":"https:\/\/watra.org\/fr\/wp-json\/wp\/v2\/pages\/23391\/revisions"}],"predecessor-version":[{"id":23407,"href":"https:\/\/watra.org\/fr\/wp-json\/wp\/v2\/pages\/23391\/revisions\/23407"}],"wp:attachment":[{"href":"https:\/\/watra.org\/fr\/wp-json\/wp\/v2\/media?parent=23391"}],"curies":[{"name":"wp","href":"https:\/\/api.w.org\/{rel}","templated":true}]}}